{"id":1040,"date":"2013-04-03T16:53:55","date_gmt":"2013-04-03T16:53:55","guid":{"rendered":"http:\/\/www.kriesi.at\/themes\/enfold\/?page_id=1040"},"modified":"2021-01-14T14:18:59","modified_gmt":"2021-01-14T18:18:59","slug":"home-v3-3-column-with-blog","status":"publish","type":"page","link":"http:\/\/www.funfte.cl\/sitio\/","title":{"rendered":"PORTADA"},"content":{"rendered":"\n<div class=\"wp-block-group\"><div class=\"wp-block-group__inner-container\"><div id='full_slider_1' class='avia-fullwidth-slider main_color avia-shadow  avia-builder-el-0  avia-builder-el-no-sibling  container_wrap sidebar_right'   ><div  data-size='featured'  data-animation='fade'  data-ids='&#8217;1555&#8242;,&#8217;1542&#8242;,&#8217;2947&#8242;,&#8217;1543&#8242;,&#8217;1540&#8242;,&#8217;1547&#8242;,&#8217;2963&#8242;,&#8217;1554&#8242;,&#8217;1555&#8242;,&#8217;1548&#8242;'  data-autoplay='true'  data-handle='av_slideshow_full'  data-interval='10'  data-class=' '  data-src=''  data-position='top left'  data-repeat='no-repeat'  data-attach='scroll'  data-stretch=''  class='avia-slideshow avia-slideshow-1 avia-slideshow-featured av_slideshow_full   avia-fade-slider ' ><ul class='avia-slideshow-inner'><\/ul><\/div><\/div>\n<\/div><\/div>\n\n\n<div class=\"flex_column av_one_fourth first  avia-builder-el-1  avia-builder-el-no-sibling  \"><div class=\"iconbox iconbox_left  avia-builder-el-2  avia-builder-el-no-sibling \">\n<div class=\"iconbox_content\">\n<div class=\"iconbox_icon heading-color avia-font-entypo-fontello\">&#62222;<\/div>\n<h3 class=\"iconbox_content_title\">Redes Sociales<\/h3>\n<p>Te invitamos a participar e interactuar con nosotros mediante las redes sociales, Facebook, Instagram, Twitter y You Tube.<\/p>\n<p><strong><a title=\"Redes sociales\" href=\"http:\/\/www.funfte.cl\/sitio\/?page_id=1962\">INGRESAR<\/a><br \/>\n<\/strong><\/p>\n<\/div>\n<\/div>\n<\/div>\n\n\n<div class=\"flex_column av_one_fourth   avia-builder-el-3  avia-builder-el-no-sibling  \"><div class=\"iconbox iconbox_left  avia-builder-el-4  avia-builder-el-no-sibling \">\n<div class=\"iconbox_content\">\n<div class=\"iconbox_icon heading-color avia-font-entypo-fontello\">&#128318;<\/div>\n<h3 class=\"iconbox_content_title\">Plataforma de Registro y Control<\/h3>\n<p>Ingreso a la plataforma de administraci\u00f3n y gesti\u00f3n interna de bomberos SISAB<\/p>\n<p><strong><a title=\"Sistema SISAB\" href=\"http:\/\/www.sisab.cl\">INGRESAR<\/a><br \/>\n<\/strong><\/p>\n<\/div>\n<\/div>\n<\/div>\n\n\n<div class=\"flex_column av_one_fourth   avia-builder-el-5  avia-builder-el-no-sibling  \"><div class=\"iconbox iconbox_left  avia-builder-el-6  avia-builder-el-no-sibling \">\n<div class=\"iconbox_content\">\n<div class=\"iconbox_icon heading-color avia-font-entypo-fontello\">&#9993;<\/div>\n<h3 class=\"iconbox_content_title\">Webmail <\/h3>\n<p>Ingreso al correo electr\u00f3nico institucional mediante plataforma Google<\/p>\n<p><strong><a title=\"Webmail\" href=\"https:\/\/accounts.google.com\/AddSession?continue=https%3A%2F%2Fmail.google.com%2Fa%2Ffunfte.cl%2F%3Fhl%3Des&amp;service=mail&amp;hd=funfte.cl&amp;sacu=1#identifier\">IR AL WEBMAIL<\/a><\/strong><\/p>\n<\/div>\n<\/div>\n<\/div>\n\n\n<div class=\"flex_column av_one_fourth   avia-builder-el-7  avia-builder-el-no-sibling  \"><div class=\"iconbox iconbox_left  avia-builder-el-8  avia-builder-el-no-sibling \">\n<div class=\"iconbox_content\">\n<div class=\"iconbox_icon heading-color avia-font-entypo-fontello\">&#128213;<\/div>\n<h3 class=\"iconbox_content_title\">Biblioteca Virtual<\/h3>\n<p>Accede desde aqu\u00ed a nuestra Biblioteca virtual Intranet con material de trabajo interno, oficios y manuales operativos. <strong>PRONTO AQUI<a title=\"Biblioteca virtual\" href=\"http:\/\/www.funfte.cl\/sitio\/?page_id=2155\"><br \/>\n<\/a><\/strong><\/p>\n<\/div>\n<\/div>\n<\/div>\n\n\n<div style='padding-bottom:10px' class='av-special-heading    avia-builder-el-9  avia-builder-el-no-sibling '><h3>Noticias<\/h3><div class='special-heading-border'><div class='special-heading-inner-border'><\/div><\/div><\/div>\n\n\n<div  data-autoplay=''  data-interval='5'  data-animation='fade'  class='avia-content-slider avia-content-slider-active avia-content-slider1 avia-content-slider-odd  avia-builder-el-10  avia-builder-el-no-sibling ' ><div class='avia-content-slider-inner'><div class='slide-entry-wrap'><div class='slide-entry flex_column  post-entry post-entry-2976 slide-entry-overview slide-loop-1 slide-parity-odd  av_one_fifth first real-thumbnail'><a href='http:\/\/www.funfte.cl\/sitio\/?p=2976' data-rel='slide-1' class='slide-image' title=''><img width=\"260\" height=\"185\" src=\"http:\/\/www.funfte.cl\/sitio\/wp-content\/uploads\/2018\/07\/IMG-20180710-WA0002_21-260x185.jpg\" class=\"attachment-portfolio_small size-portfolio_small wp-post-image\" alt=\"\" loading=\"lazy\" \/><\/a><div class='slide-content'><h3 class='slide-entry-title'><a href='http:\/\/www.funfte.cl\/sitio\/?p=2976' title='Comunicamos el sensible fallecimiento del Voluntario Insigne de Chile Don Jos\u00e9 Alberto Sosa Ruiz (Q.E.P.D.)'>Comunicamos el sensible fallecimiento del Voluntario Insigne de Chile Don Jos\u00e9 Alberto Sosa Ruiz (Q.E.P.D.)<\/a><\/h3><\/div><\/div><div class='slide-entry flex_column  post-entry post-entry-2966 slide-entry-overview slide-loop-2 slide-parity-even  av_one_fifth  real-thumbnail'><a href='http:\/\/www.funfte.cl\/sitio\/?p=2966' data-rel='slide-1' class='slide-image' title=''><img width=\"260\" height=\"185\" src=\"http:\/\/www.funfte.cl\/sitio\/wp-content\/uploads\/2018\/05\/14980779_598534923652115_8123180790364628830_n-260x185.jpg\" class=\"attachment-portfolio_small size-portfolio_small wp-post-image\" alt=\"\" loading=\"lazy\" \/><\/a><div class='slide-content'><h3 class='slide-entry-title'><a href='http:\/\/www.funfte.cl\/sitio\/?p=2966' title='Voluntarios de nuestra compa\u00f1\u00eda seran instructores en encuentro internacional'>Voluntarios de nuestra compa\u00f1\u00eda seran instructores en encuentro internacional<\/a><\/h3><\/div><\/div><div class='slide-entry flex_column  post-entry post-entry-2924 slide-entry-overview slide-loop-3 slide-parity-odd  av_one_fifth  real-thumbnail'><a href='http:\/\/www.funfte.cl\/sitio\/?p=2924' data-rel='slide-1' class='slide-image' title=''><img width=\"260\" height=\"185\" src=\"http:\/\/www.funfte.cl\/sitio\/wp-content\/uploads\/2018\/05\/IMG_2430-260x185.jpg\" class=\"attachment-portfolio_small size-portfolio_small wp-post-image\" alt=\"\" loading=\"lazy\" \/><\/a><div class='slide-content'><h3 class='slide-entry-title'><a href='http:\/\/www.funfte.cl\/sitio\/?p=2924' title='Nueva unidad de incendio es entregada esta tarde en Santiago'>Nueva unidad de incendio es entregada esta tarde en Santiago<\/a><\/h3><\/div><\/div><div class='slide-entry flex_column  post-entry post-entry-2915 slide-entry-overview slide-loop-4 slide-parity-even  av_one_fifth  real-thumbnail'><a href='http:\/\/www.funfte.cl\/sitio\/?p=2915' data-rel='slide-1' class='slide-image' title=''><img width=\"200\" height=\"185\" src=\"http:\/\/www.funfte.cl\/sitio\/wp-content\/uploads\/2018\/05\/1482297716968.91-200x185.jpg\" class=\"attachment-portfolio_small size-portfolio_small wp-post-image\" alt=\"\" loading=\"lazy\" \/><\/a><div class='slide-content'><h3 class='slide-entry-title'><a href='http:\/\/www.funfte.cl\/sitio\/?p=2915' title='Curso Instructor I NFPA 1041 se desarrollo en nuestra compa\u00f1\u00eda'>Curso Instructor I NFPA 1041 se desarrollo en nuestra compa\u00f1\u00eda<\/a><\/h3><\/div><\/div><div class='slide-entry flex_column  post-entry post-entry-2908 slide-entry-overview slide-loop-5 slide-parity-odd  av_one_fifth  real-thumbnail'><a href='http:\/\/www.funfte.cl\/sitio\/?p=2908' data-rel='slide-1' class='slide-image' title=''><img width=\"260\" height=\"185\" src=\"http:\/\/www.funfte.cl\/sitio\/wp-content\/uploads\/2018\/05\/FB_IMG_1525694921516-260x185.jpg\" class=\"attachment-portfolio_small size-portfolio_small wp-post-image\" alt=\"\" loading=\"lazy\" \/><\/a><div class='slide-content'><h3 class='slide-entry-title'><a href='http:\/\/www.funfte.cl\/sitio\/?p=2908' title='Se dio inicio a academias regulares seg\u00fan est\u00e1ndar ANB'>Se dio inicio a academias regulares seg\u00fan est\u00e1ndar ANB<\/a><\/h3><\/div><\/div><\/div><div class='slide-entry-wrap'><div class='slide-entry flex_column  post-entry post-entry-2905 slide-entry-overview slide-loop-6 slide-parity-odd  av_one_fifth first real-thumbnail'><a href='http:\/\/www.funfte.cl\/sitio\/?p=2905' data-rel='slide-1' class='slide-image' title=''><img width=\"260\" height=\"185\" src=\"http:\/\/www.funfte.cl\/sitio\/wp-content\/uploads\/2018\/05\/FB_IMG_1525694834399-260x185.jpg\" class=\"attachment-portfolio_small size-portfolio_small wp-post-image\" alt=\"\" loading=\"lazy\" \/><\/a><div class='slide-content'><h3 class='slide-entry-title'><a href='http:\/\/www.funfte.cl\/sitio\/?p=2905' title='Voluntario dict\u00f3 curso de SVB en M\u00e9xico'>Voluntario dict\u00f3 curso de SVB en M\u00e9xico<\/a><\/h3><\/div><\/div><div class='slide-entry flex_column  post-entry post-entry-2896 slide-entry-overview slide-loop-7 slide-parity-even  av_one_fifth  real-thumbnail'><a href='http:\/\/www.funfte.cl\/sitio\/?p=2896' data-rel='slide-1' class='slide-image' title=''><img width=\"260\" height=\"185\" src=\"http:\/\/www.funfte.cl\/sitio\/wp-content\/uploads\/2018\/01\/A-260x185.jpg\" class=\"attachment-portfolio_small size-portfolio_small wp-post-image\" alt=\"\" loading=\"lazy\" \/><\/a><div class='slide-content'><h3 class='slide-entry-title'><a href='http:\/\/www.funfte.cl\/sitio\/?p=2896' title='11O a\u00f1os al servicio de Talcahuano'>11O a\u00f1os al servicio de Talcahuano<\/a><\/h3><\/div><\/div><div class='slide-entry flex_column  post-entry post-entry-2879 slide-entry-overview slide-loop-8 slide-parity-odd  av_one_fifth  real-thumbnail'><a href='http:\/\/www.funfte.cl\/sitio\/?p=2879' data-rel='slide-1' class='slide-image' title=''><img width=\"260\" height=\"185\" src=\"http:\/\/www.funfte.cl\/sitio\/wp-content\/uploads\/2016\/12\/15626357_10153916725801076_4743570467287490346_o-260x185.jpg\" class=\"attachment-portfolio_small size-portfolio_small wp-post-image\" alt=\"\" loading=\"lazy\" \/><\/a><div class='slide-content'><h3 class='slide-entry-title'><a href='http:\/\/www.funfte.cl\/sitio\/?p=2879' title='\u00a1Felicitaciones a los felices ganadores de nuestro Bono 2O17!'>\u00a1Felicitaciones a los felices ganadores de nuestro Bono 2O17!<\/a><\/h3><\/div><\/div><div class='slide-entry flex_column  post-entry post-entry-2866 slide-entry-overview slide-loop-9 slide-parity-even  av_one_fifth  real-thumbnail'><a href='http:\/\/www.funfte.cl\/sitio\/?p=2866' data-rel='slide-1' class='slide-image' title=''><img width=\"260\" height=\"185\" src=\"http:\/\/www.funfte.cl\/sitio\/wp-content\/uploads\/2016\/12\/15626357_10153916725801076_4743570467287490346_o-260x185.jpg\" class=\"attachment-portfolio_small size-portfolio_small wp-post-image\" alt=\"\" loading=\"lazy\" \/><\/a><div class='slide-content'><h3 class='slide-entry-title'><a href='http:\/\/www.funfte.cl\/sitio\/?p=2866' title='\u00a1Felicitaciones a los felices ganadores de nuestro Bono 2O16!'>\u00a1Felicitaciones a los felices ganadores de nuestro Bono 2O16!<\/a><\/h3><\/div><\/div><div class='slide-entry flex_column  post-entry post-entry-2800 slide-entry-overview slide-loop-10 slide-parity-odd  post-entry-last  av_one_fifth  real-thumbnail'><a href='http:\/\/www.funfte.cl\/sitio\/?p=2800' data-rel='slide-1' class='slide-image' title=''><img width=\"260\" height=\"185\" src=\"http:\/\/www.funfte.cl\/sitio\/wp-content\/uploads\/2016\/05\/IMG_1699-260x185.jpg\" class=\"attachment-portfolio_small size-portfolio_small wp-post-image\" alt=\"\" loading=\"lazy\" \/><\/a><div class='slide-content'><h3 class='slide-entry-title'><a href='http:\/\/www.funfte.cl\/sitio\/?p=2800' title='Fallece nuestro voluntario honorario, Don Caupolic\u00e1n Cisternas Lagos'>Fallece nuestro voluntario honorario, Don Caupolic\u00e1n Cisternas Lagos<\/a><\/h3><\/div><\/div><\/div><\/div><div class='avia-slideshow-arrows avia-slideshow-controls'><a href='#next' class='prev-slide' >Previous<\/a><a href='#next' class='next-slide' >Next<\/a><\/div><\/div>\n\n\n<div class=\"flex_column av_one_third first  avia-builder-el-11  avia-builder-el-no-sibling  \"><div class=\"iconbox iconbox_top main_color  avia-builder-el-12  avia-builder-el-no-sibling \">\n<div class=\"iconbox_content\">\n<div class=\"iconbox_icon heading-color avia-font-entypo-fontello\">&#9881;<\/div>\n<h3 class=\"iconbox_content_title\">Nuestras unidades<\/h3>\n<p>Conoce nuestras m\u00e1quinas BX-5 &#8211; B-5 y sus especificaciones en nuestro sitio especial. <a title=\"Material Mayor\" href=\"http:\/\/www.funfte.cl\/sitio\/?page_id=1097\">Ver m\u00e1s<\/a><\/p>\n<\/div>\n<\/div>\n<\/div>\n\n\n<div class=\"flex_column av_one_third   avia-builder-el-13  avia-builder-el-no-sibling  \"><div class=\"iconbox iconbox_top main_color  avia-builder-el-14  avia-builder-el-no-sibling \">\n<div class=\"iconbox_content\">\n<div class=\"iconbox_icon heading-color avia-font-entypo-fontello\">&#128077;<\/div>\n<h3 class=\"iconbox_content_title\">Hazte socio<\/h3>\n<p>Colabora con la Quinta y hazte socio cooperador. Con tu ayuda continuaremos salvando vidas. <a title=\"Socios Colaboradores\" href=\"http:\/\/www.funfte.cl\/sitio\/?page_id=1826\">Ver m\u00e1s<\/a><\/p>\n<\/div>\n<\/div>\n<\/div>\n\n\n<div class=\"flex_column av_one_third   avia-builder-el-15  avia-builder-el-no-sibling  \"><div class=\"iconbox iconbox_top main_color  avia-builder-el-16  avia-builder-el-no-sibling \">\n<div class=\"iconbox_content\">\n<div class=\"iconbox_icon heading-color avia-font-entypo-fontello\">&#59249;<\/div>\n<h3 class=\"iconbox_content_title\">Sitio centenario<\/h3>\n<p>Navega a trav\u00e9s de la historia de nuestra compa\u00f1\u00eda y sus 1O5 a\u00f1os en el especial del centenario. Pronto<\/p>\n<\/div>\n<\/div>\n<\/div>\n\n\n<div class='avia_textblock'><p style=\"text-align: center;\">19O8 &nbsp; &nbsp;&#8211; &nbsp; &nbsp; &nbsp;\u00bb G o t t &nbsp; z u r &nbsp; E h r , &nbsp; d e m &nbsp; N \u00e4 c h s t e n &nbsp; z u r &nbsp; W e h r \u00bb &nbsp; &nbsp; &nbsp; &nbsp; <a href=\"http:\/\/www.funfte.cl\/sitio\/wp-content\/uploads\/2013\/04\/Sin-t\u00edtulo-3.png\"><img loading=\"lazy\" class=\"alignnone size-full wp-image-1535\" src=\"http:\/\/www.funfte.cl\/sitio\/wp-content\/uploads\/2013\/04\/Sin-t\u00edtulo-3.png\" alt=\"Sin t\u00edtulo-3\" width=\"40\" height=\"40\" srcset=\"http:\/\/www.funfte.cl\/sitio\/wp-content\/uploads\/2013\/04\/Sin-t\u00edtulo-3.png 40w, http:\/\/www.funfte.cl\/sitio\/wp-content\/uploads\/2013\/04\/Sin-t\u00edtulo-3-36x36.png 36w\" sizes=\"(max-width: 40px) 100vw, 40px\" \/><\/a>&nbsp; &nbsp; &nbsp; &nbsp; \u00bb E n &nbsp; h o n o r &nbsp; a &nbsp; D i o s &nbsp; y &nbsp; a y u d a &nbsp; d e l &nbsp; p r \u00f3 j i m o \u00bb &nbsp; &nbsp; &nbsp; &#8211; &nbsp; &nbsp;2O2O<\/p>\n<\/div>\n","protected":false},"excerpt":{"rendered":"<p>This is a Page excerpt. It will be displayed for search results<\/p>\n","protected":false},"author":1,"featured_media":0,"parent":0,"menu_order":0,"comment_status":"open","ping_status":"open","template":"","meta":[],"_links":{"self":[{"href":"http:\/\/www.funfte.cl\/sitio\/index.php?rest_route=\/wp\/v2\/pages\/1040"}],"collection":[{"href":"http:\/\/www.funfte.cl\/sitio\/index.php?rest_route=\/wp\/v2\/pages"}],"about":[{"href":"http:\/\/www.funfte.cl\/sitio\/index.php?rest_route=\/wp\/v2\/types\/page"}],"author":[{"embeddable":true,"href":"http:\/\/www.funfte.cl\/sitio\/index.php?rest_route=\/wp\/v2\/users\/1"}],"replies":[{"embeddable":true,"href":"http:\/\/www.funfte.cl\/sitio\/index.php?rest_route=%2Fwp%2Fv2%2Fcomments&post=1040"}],"version-history":[{"count":99,"href":"http:\/\/www.funfte.cl\/sitio\/index.php?rest_route=\/wp\/v2\/pages\/1040\/revisions"}],"predecessor-version":[{"id":3003,"href":"http:\/\/www.funfte.cl\/sitio\/index.php?rest_route=\/wp\/v2\/pages\/1040\/revisions\/3003"}],"wp:attachment":[{"href":"http:\/\/www.funfte.cl\/sitio\/index.php?rest_route=%2Fwp%2Fv2%2Fmedia&parent=1040"}],"curies":[{"name":"wp","href":"https:\/\/api.w.org\/{rel}","templated":true}]}}