{"id":1097,"date":"2013-04-04T22:55:50","date_gmt":"2013-04-05T02:55:50","guid":{"rendered":"http:\/\/www.kriesi.at\/themes\/enfold\/?page_id=1097"},"modified":"2020-12-29T13:33:48","modified_gmt":"2020-12-29T17:33:48","slug":"home-v5","status":"publish","type":"page","link":"http:\/\/www.funfte.cl\/sitio\/?page_id=1097","title":{"rendered":"Material Mayor"},"content":{"rendered":"<div style='padding-bottom:10px' class='av-special-heading    avia-builder-el-0  avia-builder-el-no-sibling '><h4>Las m\u00e1quinas de una compa\u00f1\u00eda de bomberos constituyen la principal herramienta de trabajo. La buena distribuci\u00f3n del material tanto mayor como menor, y su mantenci\u00f3n son los \u00edtems y preocupaci\u00f3n fundamental de los voluntarios.<\/h4><div class='special-heading-border'><div class='special-heading-inner-border'><\/div><\/div><\/div>\n<div class='avia_textblock'><p>A medida que la tecnolog\u00eda avanza, nuestra compa\u00f1\u00eda tambi\u00e9n ha debido hacerlo; renovando y obteniendo m\u00e1s y mejor cantidad y calidad de recursos para salvar vidas y bienes.<br \/>\nA continuaci\u00f3n, exponemos nuestro material mayor -enti\u00e9ndase carros- en servicio dentro de la Quinta Compa\u00f1\u00eda.<\/p>\n<\/div>\n<div  class='hr hr-short hr-left  avia-builder-el-2  avia-builder-el-no-sibling '><span class='hr-inner'><span class='hr-inner-style'><\/span><\/span><\/div>\n<div class='sort_width_container' ><div id='js_sort_items' ><div class='sort_by_cat hidden '><a href='#' data-filter='all_sort' class='all_sort_button active_sort'>All<\/a><span class='text-sep carros_sort_sep'>\/<\/span><a href='#' data-filter='carros_sort' class='carros_sort_button' >Carros<\/a><\/div><\/div><\/div><div class='grid-sort-container isotope no_margin-container with-title-container grid-total-odd grid-col-4'><div data-ajax-id='44' class=' grid-entry flex_column isotope-item all_sort no_margin post-entry post-entry-44 grid-entry-overview grid-loop-1 grid-parity-odd  carros_sort  av_one_fourth first'><div class='main_color inner-entry'><a href='http:\/\/www.funfte.cl\/sitio\/?portfolio=lorem-ipsum' data-rel='grid-1' class='grid-image' title=''><img width=\"260\" height=\"185\" src=\"http:\/\/www.funfte.cl\/sitio\/wp-content\/uploads\/2013\/04\/484062_481579278523679_1418647621_n-260x185.jpg\" class=\"attachment-portfolio_small size-portfolio_small wp-post-image\" alt=\"\" loading=\"lazy\" \/><\/a><div class='grid-content'><div class='avia-arrow'><\/div><h3 class='grid-entry-title'><a href='http:\/\/www.funfte.cl\/sitio\/?portfolio=lorem-ipsum' title='Unidad BX-5'>Unidad BX-5<\/a><\/h3><\/div><\/div><\/div><div data-ajax-id='1607' class=' grid-entry flex_column isotope-item all_sort no_margin post-entry post-entry-1607 grid-entry-overview grid-loop-2 grid-parity-even  carros_sort  av_one_fourth '><div class='main_color inner-entry'><a href='http:\/\/www.funfte.cl\/sitio\/?portfolio=unidad-br-5' data-rel='grid-1' class='grid-image' title=''><img width=\"260\" height=\"185\" src=\"http:\/\/www.funfte.cl\/sitio\/wp-content\/uploads\/2013\/06\/IMG_2512-260x185.jpg\" class=\"attachment-portfolio_small size-portfolio_small wp-post-image\" alt=\"\" loading=\"lazy\" \/><\/a><div class='grid-content'><div class='avia-arrow'><\/div><h3 class='grid-entry-title'><a href='http:\/\/www.funfte.cl\/sitio\/?portfolio=unidad-br-5' title='Unidad B-5'>Unidad B-5<\/a><\/h3><\/div><\/div><\/div><div data-ajax-id='1630' class=' grid-entry flex_column isotope-item all_sort no_margin post-entry post-entry-1630 grid-entry-overview grid-loop-3 grid-parity-odd  post-entry-last  carros_sort  av_one_fourth '><div class='main_color inner-entry'><a href='http:\/\/www.funfte.cl\/sitio\/?portfolio=unidad-harbor-28' data-rel='grid-1' class='grid-image' title=''><img width=\"260\" height=\"185\" src=\"http:\/\/www.funfte.cl\/sitio\/wp-content\/uploads\/2013\/04\/5611_227197685467_7138323_n-260x185.jpg\" class=\"attachment-portfolio_small size-portfolio_small wp-post-image\" alt=\"\" loading=\"lazy\" srcset=\"http:\/\/www.funfte.cl\/sitio\/wp-content\/uploads\/2013\/04\/5611_227197685467_7138323_n-260x185.jpg 260w, http:\/\/www.funfte.cl\/sitio\/wp-content\/uploads\/2013\/04\/5611_227197685467_7138323_n-604x430.jpg 604w\" sizes=\"(max-width: 260px) 100vw, 260px\" \/><\/a><div class='grid-content'><div class='avia-arrow'><\/div><h3 class='grid-entry-title'><a href='http:\/\/www.funfte.cl\/sitio\/?portfolio=unidad-harbor-28' title='Unidad Harbor 28'>Unidad Harbor 28<\/a><\/h3><\/div><\/div><\/div><\/div>\n<\/div><\/div><\/div><\/div><\/div><div id='av_section_1' class='avia-section alternate_color avia-section-large avia-no-shadow  avia-builder-el-4  avia-builder-el-no-sibling  container_wrap sidebar_right'   ><div class='container'><div class='template-page content  nine alpha units'><div class='post-entry post-entry-type-page post-entry-1097'><div class='entry-content clearfix'>\n<div class=\"flex_column av_one_fourth first  avia-builder-el-5  avia-builder-el-no-sibling  \"><div class=\"iconbox iconbox_left  avia-builder-el-6  avia-builder-el-no-sibling \">\n<div class=\"iconbox_content\">\n<div class=\"iconbox_icon heading-color avia-font-entypo-fontello\">&#9874;<\/div>\n<h3 class=\"iconbox_content_title\">Unidad Iveco Magirus FF150E30 (B-5)<\/h3>\n<p>Unidad de Control de Incendios, con gran capacidad de agua, espuma y transporte de material.<\/p>\n<\/div>\n<\/div>\n<\/div><div class=\"flex_column av_one_fourth   avia-builder-el-7  avia-builder-el-no-sibling  \"><div class=\"iconbox iconbox_left  avia-builder-el-8  avia-builder-el-no-sibling \">\n<div class=\"iconbox_content\">\n<div class=\"iconbox_icon heading-color avia-font-entypo-fontello\">&#9881;<\/div>\n<h3 class=\"iconbox_content_title\">Unidad Iveco Magirus FF150E30W 4x4 (RB-5)<\/h3>\n<p>Unidad mixta (Incendio \u2013 Rescate) con gran capacidad en prestaciones y\u00a0almacenamiento de equipos.<\/p>\n<\/div>\n<\/div>\n<\/div><div class=\"flex_column av_one_fourth   avia-builder-el-9  avia-builder-el-no-sibling  \"><div class=\"iconbox iconbox_left  avia-builder-el-10  avia-builder-el-no-sibling \">\n<div class=\"iconbox_content\">\n<div class=\"iconbox_icon heading-color avia-font-entypo-fontello\">&#59272;<\/div>\n<h3 class=\"iconbox_content_title\">Unidad de Rescate Medioambiental<\/h3>\n<p>Embarcaci\u00f3n Harbor 28, constru\u00eddo por los astilleros Marco para descontaminaci\u00f3n de aguas.<\/p>\n<\/div>\n<\/div>\n<\/div><\/div><\/div><\/div><\/div><\/div><div id='after_section_1' class='main_color container_wrap sidebar_right'   ><div class='container'><div class='template-page content  nine alpha units'><div class='post-entry post-entry-type-page post-entry-1097'><div class='entry-content clearfix'>\n","protected":false},"excerpt":{"rendered":"<p>This is a Page excerpt. It will be displayed for search results<\/p>\n","protected":false},"author":1,"featured_media":0,"parent":734,"menu_order":0,"comment_status":"closed","ping_status":"closed","template":"","meta":[],"_links":{"self":[{"href":"http:\/\/www.funfte.cl\/sitio\/index.php?rest_route=\/wp\/v2\/pages\/1097"}],"collection":[{"href":"http:\/\/www.funfte.cl\/sitio\/index.php?rest_route=\/wp\/v2\/pages"}],"about":[{"href":"http:\/\/www.funfte.cl\/sitio\/index.php?rest_route=\/wp\/v2\/types\/page"}],"author":[{"embeddable":true,"href":"http:\/\/www.funfte.cl\/sitio\/index.php?rest_route=\/wp\/v2\/users\/1"}],"replies":[{"embeddable":true,"href":"http:\/\/www.funfte.cl\/sitio\/index.php?rest_route=%2Fwp%2Fv2%2Fcomments&post=1097"}],"version-history":[{"count":32,"href":"http:\/\/www.funfte.cl\/sitio\/index.php?rest_route=\/wp\/v2\/pages\/1097\/revisions"}],"predecessor-version":[{"id":2986,"href":"http:\/\/www.funfte.cl\/sitio\/index.php?rest_route=\/wp\/v2\/pages\/1097\/revisions\/2986"}],"up":[{"embeddable":true,"href":"http:\/\/www.funfte.cl\/sitio\/index.php?rest_route=\/wp\/v2\/pages\/734"}],"wp:attachment":[{"href":"http:\/\/www.funfte.cl\/sitio\/index.php?rest_route=%2Fwp%2Fv2%2Fmedia&parent=1097"}],"curies":[{"name":"wp","href":"https:\/\/api.w.org\/{rel}","templated":true}]}}