{"id":1167,"date":"2013-04-05T13:33:38","date_gmt":"2013-04-05T13:33:38","guid":{"rendered":"http:\/\/www.kriesi.at\/themes\/enfold\/?page_id=1167"},"modified":"2013-06-13T19:50:04","modified_gmt":"2013-06-13T23:50:04","slug":"contact","status":"publish","type":"page","link":"http:\/\/www.funfte.cl\/sitio\/?page_id=1167","title":{"rendered":"Contacto"},"content":{"rendered":"\n<div class=\"flex_column av_one_full first  avia-builder-el-1  avia-builder-el-no-sibling  \"><div style='padding-bottom:10px' class='av-special-heading meta-heading   avia-builder-el-2  avia-builder-el-no-sibling '>\n<h3>Nuestra informaci\u00f3n de contacto<\/h3>\n<div class='special-heading-border'>\n<div class='special-heading-inner-border'><\/div>\n<\/div>\n<\/div>\n<div class='avia_textblock'>\n<p>Quinta Compa\u00f1\u00eda de Bomberos \u201cBomba Chile\u201d de Talcahuano<\/p>\n<p>Cuerpo de Bomberos de Talcahuano \u2013 Chile.<\/p>\n<p>Fundada el 29 de Enero de 1908<\/p>\n<p>Direcci\u00f3n: Av. R\u00edo Maule 5383 Villa Independencia<\/p>\n<p>Sector Denavi Sur \u2013 Ciudad de Talcahuano \u2013 Chile<\/p>\n<p>Fono-fax mesa central: (+56)- 41-2588000<\/p>\n<p>URL: www.funfte.cl<\/p>\n<\/div>\n<div style='padding-bottom:10px' class='av-special-heading meta-heading   avia-builder-el-4  avia-builder-el-no-sibling '>\n<h3>Cont\u00e1ctate con nosotros<\/h3>\n<div class='special-heading-border'>\n<div class='special-heading-inner-border'><\/div>\n<\/div>\n<\/div>\n<form action=\"http:\/\/www.funfte.cl\/sitio\/?page_id=1167\" method=\"post\" class=\"ajax_form  avia-builder-el-5  avia-builder-el-no-sibling \" data-avia-form-id=\"1\">\n<fieldset>\n<p class=\"hidden\"><input type=\"text\" name=\"avia_avia_username_1\" class=\"hidden \" id=\"avia_avia_username_1\" value=\"\" \/><\/p>\n<p class=\"\"><input type=\"hidden\" value=\"1\" name=\"avia_generated_form1\" \/><input type=\"submit\" value=\"Enviar\" class=\"button\" \/><\/p>\n<\/fieldset>\n<\/form>\n<div id=\"ajaxresponse_1\" class=\"ajaxresponse ajaxresponse_1 hidden\"><\/div>\n<div style='padding-bottom:10px' class='av-special-heading meta-heading   avia-builder-el-6  avia-builder-el-no-sibling '>\n<h3>C\u00f3mo llegar a nuestro cuartel<\/h3>\n<div class='special-heading-border'>\n<div class='special-heading-inner-border'><\/div>\n<\/div>\n<\/div>\n<div class='avia_textblock'>\n<p><strong>A pi\u00e9 o en veh\u00edculo particular :<\/strong><\/p>\n<p>Para dar con nuestra direcci\u00f3n a pi\u00e9 se debe tomar como punto de referencia el Nodo Puente Perales, en donde confluye Av. Col\u00f3n y Autopista Concepci\u00f3n-Talcahuano mediante un paso sobre nivel. En direcci\u00f3n de Concepci\u00f3n a Talcahuano y luego de haber cruzado el nodo Perales por su v\u00eda inferior, cruzar a pi\u00e9 Av. Crist\u00f3bal Col\u00f3n en el primer paso peatonal (paradero 27 de avenida Crist\u00f3bal Col\u00f3n) y pasar la l\u00ednea f\u00e9rrea hacia el Parque Las Hortensias. De esta forma, quedar\u00e1 en el paso peatonal de la intersecci\u00f3n de las calles Las Hortensias y R\u00edo Loa (Doble v\u00eda con bandej\u00f3n central). Caminar por R\u00edo Loa hasta el final de la calle en donde en la esquina de R\u00edo Loa con R\u00edo Maule se encontrar\u00e1 con nuestro cuartel.<\/p>\n<p><strong>En Biotr\u00e9n:<\/strong><\/p>\n<p>L\u00ednea 1 Biotr\u00e9n \u2013 Estaci\u00f3n Los C\u00f3ndores (Av. Crist\u00f3bal Col\u00f3n con Las Amapolas) (paradero 24 de Av. Crist\u00f3bal Col\u00f3n)<\/p>\n<p><strong>Coordenadas para Global Position System GPS:<\/strong><\/p>\n<p>Latitud: 36\u00b045\u201947.76\u2033 Sur<\/p>\n<p>Longitud: 73\u00b0 5\u201933.37\u2033 Oeste<\/p>\n<p><strong>Locomoci\u00f3n licitada a las puertas:<\/strong><\/p>\n<p>(recorridos licitados desde Concepci\u00f3n)<\/p>\n<p>57 Buses Denavi-Sur<\/p>\n<p>50 Buses Campanil<\/p>\n<p>(recorrido licitado desde Talcahuano)<\/p>\n<p>30-B Ruta Las Playas<\/p>\n<p>(recorrido no licitado desde Talcahuano)<\/p>\n<p>Transportes Huertos-El Bosque<\/p>\n<p>(recorridos de taxis colectivos)<\/p>\n<p>Colectivos Dutav\u00edn<\/p>\n<p>Denavi-Sur\u00a0 \u2013 Las Canchas<\/p>\n<p><strong>Tel\u00e9fonos de Emergencias:<\/strong><\/p>\n<p>132, tel\u00e9fono gratuito.<\/p>\n<p>(+56)- 41 -2542405 para comunicarse con las operadoras.<\/p>\n<p>(Tel\u00e9fono que contactar\u00e1 a la Central de emergencias del Cuerpo de Bomberos de Talcahuano)<\/p>\n<p>Por cualquier problema de soporte en l\u00ednea, contactar a correo@funfte.cl.<\/p>\n<\/div>\n<\/div>\n","protected":false},"excerpt":{"rendered":"","protected":false},"author":1,"featured_media":0,"parent":1122,"menu_order":0,"comment_status":"open","ping_status":"open","template":"","meta":[],"_links":{"self":[{"href":"http:\/\/www.funfte.cl\/sitio\/index.php?rest_route=\/wp\/v2\/pages\/1167"}],"collection":[{"href":"http:\/\/www.funfte.cl\/sitio\/index.php?rest_route=\/wp\/v2\/pages"}],"about":[{"href":"http:\/\/www.funfte.cl\/sitio\/index.php?rest_route=\/wp\/v2\/types\/page"}],"author":[{"embeddable":true,"href":"http:\/\/www.funfte.cl\/sitio\/index.php?rest_route=\/wp\/v2\/users\/1"}],"replies":[{"embeddable":true,"href":"http:\/\/www.funfte.cl\/sitio\/index.php?rest_route=%2Fwp%2Fv2%2Fcomments&post=1167"}],"version-history":[{"count":5,"href":"http:\/\/www.funfte.cl\/sitio\/index.php?rest_route=\/wp\/v2\/pages\/1167\/revisions"}],"predecessor-version":[{"id":1924,"href":"http:\/\/www.funfte.cl\/sitio\/index.php?rest_route=\/wp\/v2\/pages\/1167\/revisions\/1924"}],"up":[{"embeddable":true,"href":"http:\/\/www.funfte.cl\/sitio\/index.php?rest_route=\/wp\/v2\/pages\/1122"}],"wp:attachment":[{"href":"http:\/\/www.funfte.cl\/sitio\/index.php?rest_route=%2Fwp%2Fv2%2Fmedia&parent=1167"}],"curies":[{"name":"wp","href":"https:\/\/api.w.org\/{rel}","templated":true}]}}