{"id":1792,"date":"2013-06-07T16:42:56","date_gmt":"2013-06-07T20:42:56","guid":{"rendered":"http:\/\/www.funfte.cl\/sitio\/?page_id=1792"},"modified":"2016-07-13T14:48:34","modified_gmt":"2016-07-13T18:48:34","slug":"cuartel","status":"publish","type":"page","link":"http:\/\/www.funfte.cl\/sitio\/?page_id=1792","title":{"rendered":"Cuartel"},"content":{"rendered":"<div class=\"flex_column av_one_full first  avia-builder-el-0  avia-builder-el-no-sibling  \"><div class='avia_textblock'>\n<p style=\"text-align: justify;\">Nuestro cuartel se encuentra emplazado en Villa Independencia el cual es un sector residencial en el ingreso sur a Talcahuano, este hermoso cuartel tiene una superficie de mil trescientos veinte metros cuadrados construidos, en una superficie de cuatro mil metros cuadrados de terreno, puestos a disposici\u00f3n de la Quinta Compa\u00f1\u00eda por la Comunidad del sector de Denavi Sur, posee una identidad arquitect\u00f3nica de notable corte germano, \u00fanica en la ciudad puerto, entregando toda la calidez y servicios necesarios, para que el voluntariado de la Quinta proporcione toda la seguridad necesaria a la comunidad porte\u00f1a.<\/p>\n<\/div>\n<div  data-size='gallery'  data-animation='slide'  data-ids='&#8217;1812&#8242;,&#8217;1811&#8242;,&#8217;1810&#8242;,&#8217;1809&#8242;,&#8217;1808&#8242;'  data-autoplay='true'  data-handle='av_slideshow'  data-interval='5'  data-class=' avia-builder-el-2  avia-builder-el-no-sibling '  class='avia-slideshow avia-slideshow-1 avia-slideshow-gallery av_slideshow  avia-builder-el-2  avia-builder-el-no-sibling  avia-slide-slider ' >\n<ul class='avia-slideshow-inner'><\/ul>\n<\/div>\n<div class='avia_textblock'>\n<p>Su privilegiada ubicaci\u00f3n permite sin problemas prestar un servicio de apoyo r\u00e1pido a aquellos sectores de dif\u00edcil acceso como Villa Presidente R\u00edos, Villa Los Constructores, Villa Ensenada, y Villa Esmeralda en labores de incendio, sirviendo de primer apoyo para las unidades de la Novena, Octava y Cuarta Compa\u00f1\u00edas seg\u00fan corresponda. En tareas rescate vehicular nos proporciona salidas expeditas a todo el plano urbano y positivos tiempos de llegada a emergencias en la Autopista Concepci\u00f3n-Talcahuano y Mall Plaza del Tr\u00e9bol, como tambi\u00e9n apoyando la labor del Cuerpo de Bomberos de Hualp\u00e9n.<\/p>\n<p>Las salidas a emergencias se ajustan al plan maestro de despachos que tiene en funcionamiento la Central de Comunicaciones del Cuerpo de Bomberos de Talcahuano, seg\u00fan la ubicaci\u00f3n de cada emergencia. As\u00ed es como los l\u00edmites de acci\u00f3n en Rescate Vehicular e Incendios est\u00e1n definidos.<\/p>\n<p>A partir del a\u00f1o 1998, la Compa\u00f1\u00eda inicio la construcci\u00f3n de este Cuartel, funcional a las necesidades operativas y de crecimiento de la instituci\u00f3n. Las instalaciones entraron en funcionamiento en el a\u00f1o 2001, culminando su construcci\u00f3n en Octubre del 2009.<\/p>\n<p>Sus dependencias consisten en tres niveles. En su primer nivel se encuentra el hall principal, central de radiocomunicaciones, sala de m\u00e1quinas con capacidad para cuatro unidades, instalaciones sanitarias para usuarios, lavander\u00eda, ba\u00f1os del personal, oficinas administrativas, capitan\u00eda, brigada juvenil, sala de archivo, sala de conferencias y reuniones y taller de mantenci\u00f3n.<\/p>\n<p>En el segundo nivel se encuentra una guardia nocturna para albergar a doce voluntarios en cuatro dormitorios, cada uno con ba\u00f1os en suite. La guardia nocturna adem\u00e1s, dispone de una cocina, sala de estar con Wi-Fi que cubre toda la extensi\u00f3n del cuartel y calefacci\u00f3n central en red con el resto del cuartel. Tambi\u00e9n en el segundo nivel se encuentra una recepci\u00f3n, salas de estar, y una sala de capacitaci\u00f3n para voluntarios.<\/p>\n<p>El tercer nivel consta de una manzarda con terminaciones en madera. Posee salas de esparcimiento y juegos de mesa, chimenea, cocina-bar, ba\u00f1os y un sal\u00f3n de reuniones con capacidad para 150 personas, terminada en agosto del 2009 en un proyecto que contempl\u00f3 la renovaci\u00f3n total de este espacio.<\/p>\n<p>Lo actualmente constru\u00eddo es la primera etapa de un proyecto mayor que se encuentra en manos de autoridades y que esperamos desarrollar en el futuro, el cual que incluye una sala de inform\u00e1tica, instalaciones deportivas, casa de reuniones para la Brigada Juvenil, un sal\u00f3n de eventos y un casino de acceso p\u00fablico.<\/p>\n<\/div>\n<\/div>\n","protected":false},"excerpt":{"rendered":"","protected":false},"author":1,"featured_media":0,"parent":0,"menu_order":0,"comment_status":"open","ping_status":"open","template":"","meta":[],"_links":{"self":[{"href":"http:\/\/www.funfte.cl\/sitio\/index.php?rest_route=\/wp\/v2\/pages\/1792"}],"collection":[{"href":"http:\/\/www.funfte.cl\/sitio\/index.php?rest_route=\/wp\/v2\/pages"}],"about":[{"href":"http:\/\/www.funfte.cl\/sitio\/index.php?rest_route=\/wp\/v2\/types\/page"}],"author":[{"embeddable":true,"href":"http:\/\/www.funfte.cl\/sitio\/index.php?rest_route=\/wp\/v2\/users\/1"}],"replies":[{"embeddable":true,"href":"http:\/\/www.funfte.cl\/sitio\/index.php?rest_route=%2Fwp%2Fv2%2Fcomments&post=1792"}],"version-history":[{"count":23,"href":"http:\/\/www.funfte.cl\/sitio\/index.php?rest_route=\/wp\/v2\/pages\/1792\/revisions"}],"predecessor-version":[{"id":1800,"href":"http:\/\/www.funfte.cl\/sitio\/index.php?rest_route=\/wp\/v2\/pages\/1792\/revisions\/1800"}],"wp:attachment":[{"href":"http:\/\/www.funfte.cl\/sitio\/index.php?rest_route=%2Fwp%2Fv2%2Fmedia&parent=1792"}],"curies":[{"name":"wp","href":"https:\/\/api.w.org\/{rel}","templated":true}]}}