{"id":1826,"date":"2013-06-07T22:57:26","date_gmt":"2013-06-08T02:57:26","guid":{"rendered":"http:\/\/www.funfte.cl\/sitio\/?page_id=1826"},"modified":"2013-06-11T11:09:00","modified_gmt":"2013-06-11T15:09:00","slug":"socios-colaboradores","status":"publish","type":"page","link":"http:\/\/www.funfte.cl\/sitio\/?page_id=1826","title":{"rendered":"Socios Colaboradores"},"content":{"rendered":"<div class=\"flex_column av_one_full first  avia-builder-el-0  avia-builder-el-no-sibling  \"><div class='avia_textblock'>\n<p><a href=\"http:\/\/www.funfte.cl\/sitio\/wp-content\/uploads\/2013\/06\/DSC01285.jpg\"><img loading=\"lazy\" class=\"alignleft size-medium wp-image-1833\" style=\"border: 1px solid black;\" alt=\"Socios Colaboradores\" src=\"http:\/\/www.funfte.cl\/sitio\/wp-content\/uploads\/2013\/06\/DSC01285-253x190.jpg\" width=\"253\" height=\"190\" srcset=\"http:\/\/www.funfte.cl\/sitio\/wp-content\/uploads\/2013\/06\/DSC01285-253x190.jpg 253w, http:\/\/www.funfte.cl\/sitio\/wp-content\/uploads\/2013\/06\/DSC01285-450x337.jpg 450w, http:\/\/www.funfte.cl\/sitio\/wp-content\/uploads\/2013\/06\/DSC01285.jpg 640w\" sizes=\"(max-width: 253px) 100vw, 253px\" \/><\/a>Junto con nacer una idea, nacen los hombres que la hacen realidad. Es el caso de nuestros socios colaboradores, que mes a mes hacen realidad nuestras aspiraciones y sue\u00f1os. En la actualidad nuestra compa\u00f1\u00eda cuenta con un gran numero de contribuyentes ya sea en nuestro puerto y en el sector Denavi Sur, adem\u00e1s de personas que hacen su aporte en otras regiones de nuestro pa\u00eds.<\/p>\n<p>Recientemente hemos habilitado un correo electr\u00f3nico (socios@funfte.cl) para que usted nos pueda hacer llegar sus dudas, consultas, saludos o colaboraciones; y pronto tenemos pensado un sitio especial para nuestros socios donde expondremos nuestros servicios especiales que tenemos para nuestros colaboradores.<\/p>\n<p>Nuestra compa\u00f1\u00eda ha tenido la suerte de contar con socios honorarios como es el caso del Sr. Bernardo Meyn y Se\u00f1ora, quienes donaron testamentariamente algunas sumas de dinero, Sra. Nora Hoffmann de Setz (Q.E.P.D.), Sr. Walter Stenger, Sr. Marcelino Basaur (Q.E.P.D.), Sr. Carlos Moreira, Sr. Elena Risetti, entre otros, adem\u00e1s de la valiosa cooperaci\u00f3n de parte de la comunidad de Villa Independencia, Villa Ensenada, Valle San Eugenio, La Herradura, El Bosque y Denavi Sur. Lugar en donde nos emplazamos actualmente, y de quienes estamos muy agradecidos esperando poder seguir brind\u00e1ndoles el mejor servicio para garantizar su seguridad y la de sus seres queridos.<\/p>\n<p>Si quieres seguir haciendo realidad nuestras ideas int\u00e9grate a nuestro sistema como socio colaborador y apoya de manera desinteresada la labor de la Quinta Compa\u00f1\u00eda de Bomberos completando el formulario con tu nombre, contacto y tu colaboraci\u00f3n en pesos en nuestro cuartel o enviando la informaci\u00f3n v\u00eda correo electr\u00f3nico o formulario en l\u00ednea para ser contactado por nuestro Departamento de Captaci\u00f3n de Recursos a (socios@funfte.cl)<\/p>\n<\/div>\n<div  class='hr hr-default  avia-builder-el-2  avia-builder-el-no-sibling '><span class='hr-inner'><span class='hr-inner-style'><\/span><\/span><\/div>\n<form action=\"http:\/\/www.funfte.cl\/sitio\/?page_id=1826\" method=\"post\" class=\"ajax_form  avia-builder-el-3  avia-builder-el-no-sibling \" data-avia-form-id=\"1\">\n<fieldset>\n<h3>Admisi\u00f3n como Socio Colaborador(a)<\/h3>\n<p class=\"hidden\"><input type=\"text\" name=\"avia_avia_username_1\" class=\"hidden \" id=\"avia_avia_username_1\" value=\"\" \/><\/p>\n<p class=\"\"><input type=\"hidden\" value=\"1\" name=\"avia_generated_form1\" \/><input type=\"submit\" value=\"Enviar\" class=\"button\" \/><\/p>\n<\/fieldset>\n<\/form>\n<div id=\"ajaxresponse_1\" class=\"ajaxresponse ajaxresponse_1 hidden\"><\/div>\n<\/div>\n","protected":false},"excerpt":{"rendered":"","protected":false},"author":1,"featured_media":0,"parent":0,"menu_order":0,"comment_status":"open","ping_status":"open","template":"","meta":[],"_links":{"self":[{"href":"http:\/\/www.funfte.cl\/sitio\/index.php?rest_route=\/wp\/v2\/pages\/1826"}],"collection":[{"href":"http:\/\/www.funfte.cl\/sitio\/index.php?rest_route=\/wp\/v2\/pages"}],"about":[{"href":"http:\/\/www.funfte.cl\/sitio\/index.php?rest_route=\/wp\/v2\/types\/page"}],"author":[{"embeddable":true,"href":"http:\/\/www.funfte.cl\/sitio\/index.php?rest_route=\/wp\/v2\/users\/1"}],"replies":[{"embeddable":true,"href":"http:\/\/www.funfte.cl\/sitio\/index.php?rest_route=%2Fwp%2Fv2%2Fcomments&post=1826"}],"version-history":[{"count":7,"href":"http:\/\/www.funfte.cl\/sitio\/index.php?rest_route=\/wp\/v2\/pages\/1826\/revisions"}],"predecessor-version":[{"id":1828,"href":"http:\/\/www.funfte.cl\/sitio\/index.php?rest_route=\/wp\/v2\/pages\/1826\/revisions\/1828"}],"wp:attachment":[{"href":"http:\/\/www.funfte.cl\/sitio\/index.php?rest_route=%2Fwp%2Fv2%2Fmedia&parent=1826"}],"curies":[{"name":"wp","href":"https:\/\/api.w.org\/{rel}","templated":true}]}}