{"id":1899,"date":"2013-06-13T13:10:03","date_gmt":"2013-06-13T17:10:03","guid":{"rendered":"http:\/\/www.funfte.cl\/sitio\/?page_id=1899"},"modified":"2020-12-29T13:31:36","modified_gmt":"2020-12-29T17:31:36","slug":"dotacion","status":"publish","type":"page","link":"http:\/\/www.funfte.cl\/sitio\/?page_id=1899","title":{"rendered":"Dotaci\u00f3n"},"content":{"rendered":"<div class=\"flex_column av_one_full first  avia-builder-el-0  avia-builder-el-no-sibling  \"><div class='avia_textblock'>\n<p><a href=\"http:\/\/www.funfte.cl\/sitio\/wp-content\/uploads\/2013\/06\/Quinta2.jpg\"><img loading=\"lazy\" class=\"alignleft size-medium wp-image-1908\" style=\"border: 1px solid black;\" alt=\"Voluntarios\" src=\"http:\/\/www.funfte.cl\/sitio\/wp-content\/uploads\/2013\/06\/Quinta2-196x190.jpg\" width=\"196\" height=\"190\" srcset=\"http:\/\/www.funfte.cl\/sitio\/wp-content\/uploads\/2013\/06\/Quinta2-196x190.jpg 196w, http:\/\/www.funfte.cl\/sitio\/wp-content\/uploads\/2013\/06\/Quinta2-36x36.jpg 36w, http:\/\/www.funfte.cl\/sitio\/wp-content\/uploads\/2013\/06\/Quinta2-450x434.jpg 450w, http:\/\/www.funfte.cl\/sitio\/wp-content\/uploads\/2013\/06\/Quinta2.jpg 671w\" sizes=\"(max-width: 196px) 100vw, 196px\" \/><\/a>Con el prop\u00f3sito de dar cumplimiento a nuestras obligaciones, la Quinta Compa\u00f1\u00eda posee una dotaci\u00f3n que en la actualidad alcanza los 123 \u00a0integrantes, en los cuales existe una amplia gama de profesionales calificados en distintas disciplinas, tanto en el \u00e1rea salud, \u00e1rea cient\u00edfica como en el \u00e1rea humanista, los que a su vez desempe\u00f1an variadas funciones dentro de nuestra instituci\u00f3n.<\/p>\n<p>La capacitaci\u00f3n se describe como un pilar de nuestra organizaci\u00f3n, para lo cual, la Quinta Compa\u00f1\u00eda cuenta dentro de su staff a instructores pertenecientes a la Academia Nacional de Bomberos, los cuales mantienen las exigencias curriculares de nuestros integrantes. La implementaci\u00f3n se divide en cuatro grandes \u00e1reas.<\/p>\n<p>La instrucci\u00f3n b\u00e1sica est\u00e1 enfocada a la formaci\u00f3n de cadetes, a trav\u00e9s de la Brigada Juvenil donde se ense\u00f1an conocimientos b\u00e1sicos bomberiles, como tambi\u00e9n un constante adoctrinamiento en los valores de disciplina y servicio a la comunidad.<\/p>\n<p>Una vez ascendido a Brigadier, la capacitaci\u00f3n es enfocada a t\u00e9cnicas de extinci\u00f3n de incendios y manejo de herramientas. Posteriormente, se capacita en t\u00e9cnicas de rescate de personas y manejo b\u00e1sico de trauma. Por \u00faltimo, se mantiene un curr\u00edculo optativo de cursos que ampl\u00edan el conocimiento del voluntario, tales como, investigaci\u00f3n de incendios, manejo de materiales peligrosos, entre otros.<\/p>\n<p>Los Voluntarios de la Quinta, en la actualidad son los siguientes:<\/p>\n<\/div>\n<\/div>\n<table class='avia-table avia-data-table avia-table-1  avia-builder-el-2  avia-builder-el-no-sibling '><tbody><tr class='&#8217;avia-heading-row&#8217;'><td class='\u00bb'>Integrantes de Compa\u00f1\u00eda 2O18<\/td><\/tr><tr class='\u00bb'><td class='\u00bb'>VOLUNTARIOS HONORARIOS<\/p>\n<p>001 SALDES SANTUBER ARMAN<br \/>\n002 URIARTE PARRA JUAN<br \/>\n003 GRANDON INDA LIENTUR<br \/>\n004 ETCHEVERRY SCHR\u00d6ER JAVIER<br \/>\n005 RETAMALES LEIVA PATRICIO<br \/>\n006 CRAVERO SILVA OSCAR<br \/>\n007 VILLAGRA CABELLO ANSELMO<br \/>\n008 FERRER LEIVA JOSE LUIS<br \/>\n009 ATHENS MOSCOSO JAIME<br \/>\n010 AYALA CISTERNA LEONIDAS<br \/>\n011 LAMIG FRITZ GUSTAVO<br \/>\n012 OGALDE GOMEZ JORGE &#8211; DIRECTOR DE COMPA\u00d1IA<br \/>\n013 BARRUETO DECAP RENATO<br \/>\n014 CHAVEZ TORRES JORGE<br \/>\n015 RETAMALES LEIVA JORGE<br \/>\n016 SALGADO RIOS NELSON<br \/>\n017 CASTRO HERRERA FRANCISCO<br \/>\n018 TOLEDO CAMPOS JORGE<br \/>\n019 CASTRO HERRERA PABLO<br \/>\n020 RAM\u00cdREZ CUITI\u00d1O \u00c1LVARO<br \/>\n021 PEDRERO TEJO REINALDO<br \/>\n022 VEGA VILLEGAS LUIS<br \/>\n023 ARREDONDO SANDOVAL MAURICIO<br \/>\n024 MORA DIEZ SERGIO<br \/>\n025 VALLEJOS TORRES JUAN CARLOS<br \/>\n026 SALDES SOSA MARIO<br \/>\n027 CERLIANI MOCOCAIN PABLO<br \/>\n028 SOSA GONZALEZ JUAN ALBERTO<br \/>\n029 DURAN CABALLERO CLAUDIO<br \/>\n030 MELLADO TOLEDO OSCAR<br \/>\n031 ARAYA FRITIS LISANDRO<br \/>\n032 LUENGO ORTIZ PEDRO<br \/>\n033 PROVOSTE LAGOS DAVID &#8211; MEDICO DE COMPA\u00d1IA<br \/>\n034 VERA DONOSO LUIS<br \/>\n035 VILLAGRA VEGA MARIO<br \/>\n036 CEBALLOS ARIAS CLAUDIO<br \/>\n037 DUFFAU GALVEZ NELSON<br \/>\n038 MELLO MELO LEONARDO<br \/>\n039 AGUILERA RIQUELME GABRIEL<\/p>\n<p>VOLUNTARIOS ACTIVOS<\/p>\n<p>040 JIMENEZ DORREGO FRANCISCO<br \/>\n041 HERNANDEZ ZU\u00d1IGA FELIPE<br \/>\n042 MU\u00d1OZ MADRID FERNANDO<br \/>\n043 OBREGON VALVERDE PATRICIO<br \/>\n044 ALBORNOZ LLANOS PATRICIO &#8211; TENIENTE 2\u00b0 DE COMPA\u00d1IA<br \/>\n045 GONZALEZ SILVA JORGE<br \/>\n046 YA\u00d1EZ ASTUDILLO ROBERT<br \/>\n047 SANDOVAL VELASQUEZ JAIME &#8211; TESORERO DE COMPA\u00d1IA<br \/>\n048 OLIVEROS HENRIQUEZ MAURICIO &#8211; CAPIT\u00c1N DE COMPA\u00d1IA<br \/>\n049 MENDOZA BASTIAS ARNOLDO<br \/>\n050 SEPULVEDA CARRILLO LUIS<br \/>\n051 NORAMBUENA CONEJEROS CRISTIAN<br \/>\n052 INDO AGUAYO DANILO<br \/>\n053 ENRIQUIZ VALENZUELA VICTOR<br \/>\n054 PEDRERO TEJO RODRIGO<br \/>\n055 SARZOSA PE\u00d1A JUAN CARLOS<br \/>\n056 LEAL RETAMALES RICARDO<br \/>\n057 HERNANDEZ ZU\u00d1IGA NICOLAS<br \/>\n058 ODGERS CANALES ALEJANDRO<br \/>\n059 CHAVEZ GALCERAN IVAN<br \/>\n060 FERNANDEZ MADRID JUAN PABLO<br \/>\n061 GARRIDO RETAMAL RODOLFO<br \/>\n062 CONTRERAS YA\u00d1EZ OSCAR<br \/>\n063 MU\u00d1OZ SUTTER PAUL<br \/>\n064 MU\u00d1OZ SUTTER FRODY<br \/>\n065 CACERES GAJARDO JULIO<br \/>\n066 AYALA PARADA LEONIDAS<br \/>\n067 TORRES RAMOS GONZALO<br \/>\n068 QUEZADA QUIJON MARCELO<br \/>\n069 MIRANDA SANDOVAL MARIO<br \/>\n070 BASTIAS TEJOS FELIPE<br \/>\n071 SALDIVIA NORAMBUENA JONNATHAN<br \/>\n072 MALDONADO BURGOS OSCAR<br \/>\n073 CLAVERIA JARAMILLO ABNER &#8211; AYUDANTE 1\u00ba DE COMPA\u00d1IA<br \/>\n074 VERA TORRES FERNANDO<br \/>\n075 VERA TORRES LUIS<br \/>\n076 OBREGON SANDOVAL NICOLAS<br \/>\n077 HERNANDEZ ZU\u00d1IGA MATIAS<br \/>\n078 VILLEGAS BUSTOS MATIAS .- TENIENTE 1\u00b0 DE COMPA\u00d1IA<br \/>\n079 AGUILERA DURAN CESAR<br \/>\n080 TURNER PANTOJA SEBASTIAN<br \/>\n081 LAMIG CARRI\u00d3N KLAUS &#8211; TENIENTE 4\u00b0 DE COMPA\u00d1IA<br \/>\n082 MELLADO LILLO SIM\u00d3N<br \/>\n083 AYALA PARADA EMILIO<br \/>\n084 CACERES ALARCON ALEX<br \/>\n085 HERNANDEZ ZU\u00d1IGA JOAQUIN<br \/>\n086 ECHEVERRIA SANDOVAL FERNANDO<br \/>\n087 VEGA LARA FRANCISCO &#8211; SECRETARIO DE COMPA\u00d1IA<br \/>\n088 CEA VALVERDE ALVARO<br \/>\n089 SANTUBER TEJO LORENZO<br \/>\n090 VILLARROEL ZANZANA EL\u00cdAS<br \/>\n091 CACERES ALARCON GONZALO<br \/>\n092 OBREG\u00d3N SANDOVAL FELIPE<br \/>\n093 RIVERA ROJAS NICOL\u00c1S<br \/>\n094 CONTADOR S\u00c1NCHEZ PEDRO &#8211; AYUDANTE 2\u00ba DE COMPA\u00d1IA<br \/>\n095 GUTI\u00c9RREZ VALLADARES CRISTIAN &#8211; AYUDANTE 3\u00ba DE COMPA\u00d1IA<br \/>\n096 FAR\u00cdAS D\u00cdAZ ALEJANDRO<br \/>\n097 IDE RIVERA CARLOS<br \/>\n098 SAAVEDRA BUSTOS EDUARDO<br \/>\n099 PEDRERO S\u00c1NCHEZ BENJAM\u00cdN<br \/>\n100 SOSA HIDALGO JUAN ESTEBAN<br \/>\n101 CEBALLOS QUEZADA FRANCISCO &#8211; AYUDANTE 3\u00b0 DE COMPA\u00d1IA<br \/>\n102 CORVAL\u00c1N RETAMAL MAT\u00cdAS &#8211; INTENDENTE DE COMPA\u00d1IA<br \/>\n103 VILLAGRA IRRIBARRA SEBASTI\u00c1N<br \/>\n104 SANHUEZA ARIAS JOSE<br \/>\n105 DELGADO CISTERNA IGNACIO<br \/>\n106 MORA SANHUEZA FELIPE<br \/>\n107 CEBALLOS QUEZADA NICOL\u00c1S<br \/>\n108 REYES JOFR\u00c9 MARCELO<br \/>\n109 TOLEDO MAUREIRA FERNANDO<br \/>\n110 IBARRA HERRERA MAT\u00cdAS<\/p>\n<p>ASPIRANTES DE COMPA\u00d1IA<\/p>\n<p>111 LAGOS LAGOS DANIEL<br \/>\n112 CORONA VEJAR NICOL\u00c1S<br \/>\n113 MALDONADO MU\u00d1OZ JUAN PABLO<\/p>\n<p>VOLUNTARIOS EN CANJE<\/p>\n<p>114 VIDAL OYARZO ANDRES (1. \u201dGERMANIA\u201d FRUTILLAR)<br \/>\n115 P\u00c9REZ MU\u00d1OZ DANIEL (2. \u201dGERMANIA\u201d PUERTO MONTT)<\/p>\n<p>CUARTELERO DE COMPA\u00d1\u00cdA<\/p>\n<p>38-5 VILCHES URRUTIA REINALDO<\/p>\n<p><\/td><\/tr><\/tbody><\/table><style type='text\/css'><\/style>\n","protected":false},"excerpt":{"rendered":"","protected":false},"author":1,"featured_media":0,"parent":0,"menu_order":0,"comment_status":"open","ping_status":"open","template":"","meta":[],"_links":{"self":[{"href":"http:\/\/www.funfte.cl\/sitio\/index.php?rest_route=\/wp\/v2\/pages\/1899"}],"collection":[{"href":"http:\/\/www.funfte.cl\/sitio\/index.php?rest_route=\/wp\/v2\/pages"}],"about":[{"href":"http:\/\/www.funfte.cl\/sitio\/index.php?rest_route=\/wp\/v2\/types\/page"}],"author":[{"embeddable":true,"href":"http:\/\/www.funfte.cl\/sitio\/index.php?rest_route=\/wp\/v2\/users\/1"}],"replies":[{"embeddable":true,"href":"http:\/\/www.funfte.cl\/sitio\/index.php?rest_route=%2Fwp%2Fv2%2Fcomments&post=1899"}],"version-history":[{"count":43,"href":"http:\/\/www.funfte.cl\/sitio\/index.php?rest_route=\/wp\/v2\/pages\/1899\/revisions"}],"predecessor-version":[{"id":1901,"href":"http:\/\/www.funfte.cl\/sitio\/index.php?rest_route=\/wp\/v2\/pages\/1899\/revisions\/1901"}],"wp:attachment":[{"href":"http:\/\/www.funfte.cl\/sitio\/index.php?rest_route=%2Fwp%2Fv2%2Fmedia&parent=1899"}],"curies":[{"name":"wp","href":"https:\/\/api.w.org\/{rel}","templated":true}]}}