{"id":1928,"date":"2013-06-13T15:21:12","date_gmt":"2013-06-13T19:21:12","guid":{"rendered":"http:\/\/www.funfte.cl\/sitio\/?page_id=1928"},"modified":"2016-07-13T15:22:02","modified_gmt":"2016-07-13T19:22:02","slug":"nuestro-trabajo","status":"publish","type":"page","link":"http:\/\/www.funfte.cl\/sitio\/?page_id=1928","title":{"rendered":"Nuestro Trabajo"},"content":{"rendered":"<div class=\"flex_column av_one_full first  avia-builder-el-0  avia-builder-el-no-sibling  \"><div class='avia_textblock'>\n<p><strong>El Incendio Estructural<\/strong><\/p>\n<p>Nuestra compa\u00f1\u00eda posee la especialidad de Incendio Estructural, para ello se cuenta con voluntarios preparados a nivel nacional e internacional en normativas vigentes seg\u00fan las certificaciones NFPA1001, en la cual se trabaja actualmente en conjunto con la Houston Fire Academy de los Estados Unidos a trav\u00e9s de la Fire Foundation para lograr a cabalidad el cumplimiento y mantenci\u00f3n de la calificaci\u00f3n de nuestros voluntarios en la materia. Adem\u00e1s, toda nuestra dotaci\u00f3n est\u00e1 debidamente capacitada y certificada mediante los cursos normalizados de la Academia Nacional de Bomberos con sede en Santiago y en nuestra regi\u00f3n, por cursos realizados en diversos puntos del pa\u00eds en materia de manejo del agua, fuego, escalas, cuerdas y material destinado a la especialidad.<\/p>\n<\/div>\n<\/div>\n<div  class='hr hr-default  avia-builder-el-2  avia-builder-el-no-sibling '><span class='hr-inner'><span class='hr-inner-style'><\/span><\/span><\/div>\n<div class=\"flex_column av_one_fourth first  avia-builder-el-3  avia-builder-el-no-sibling  \"><p><img class='avia_image  avia-builder-el-4  avia-builder-el-no-sibling avia-align-center  ' src='http:\/\/www.funfte.cl\/sitio\/wp-content\/uploads\/2013\/06\/pictogram-04-253x190.jpg' alt=''  \/><\/p>\n<\/div>\n<div class=\"flex_column av_one_fourth   avia-builder-el-5  avia-builder-el-no-sibling  \"><p><img class='avia_image  avia-builder-el-6  avia-builder-el-no-sibling avia-align-center  ' src='http:\/\/www.funfte.cl\/sitio\/wp-content\/uploads\/2013\/06\/IMG_0628-253x190.jpg' alt=''  \/><\/p>\n<\/div>\n<div class=\"flex_column av_one_fourth   avia-builder-el-7  avia-builder-el-no-sibling  \"><p><img class='avia_image  avia-builder-el-8  avia-builder-el-no-sibling avia-align-center  ' src='http:\/\/www.funfte.cl\/sitio\/wp-content\/uploads\/2011\/12\/556865_10151820116665468_25800931_n-253x190.jpg' alt=''  \/><\/p>\n<\/div>\n<div class=\"flex_column av_one_fourth   avia-builder-el-9  avia-builder-el-no-sibling  \"><p><img class='avia_image  avia-builder-el-10  avia-builder-el-no-sibling avia-align-center  ' src='http:\/\/www.funfte.cl\/sitio\/wp-content\/uploads\/2013\/06\/feuerwehr-253x190.jpg' alt=''  \/><\/p>\n<\/div>\n<div  class='hr hr-default  avia-builder-el-11  avia-builder-el-no-sibling '><span class='hr-inner'><span class='hr-inner-style'><\/span><\/span><\/div>\n<div class=\"flex_column av_one_full first  avia-builder-el-12  avia-builder-el-no-sibling  \"><div class='avia_textblock'>\n<p><strong>El Rescate<\/strong><\/p>\n<p>El Cuerpo de Bomberos de Talcahuano destin\u00f3 a nuestra compa\u00f1\u00eda la sub-especialidad de rescate en el a\u00f1o 1985, debido a la visi\u00f3n de algunos voluntarios que se interesaron en esta materia impulsados por las necesidades de nuestra comuna, siendo unas de las compa\u00f1\u00edas pioneras a nivel regional y a nivel nacional en este \u00e1mbito, ya que, nuestra ciudad que experiment\u00f3 una gran expansi\u00f3n demogr\u00e1fica e industrial, la cual nos oblig\u00f3 a adquirir un continuo perfeccionamiento, capacitaci\u00f3n de alto nivel y superaci\u00f3n personal para enfrentar este nuevo desaf\u00edo.<\/p>\n<p>Fu\u00e9 asi como en\u00a0sus inicios, la \u201cBrigada de Rescate\u201d; comenz\u00f3 a operar con herramientas manuales y el\u00e9ctricas que permit\u00edan realizar las labores de liberaci\u00f3n de personas que sufr\u00edan accidentes vehiculares de manera eficiente de acuerdo a la d\u00e9cada, para luego adquirir la primera herramienta hidr\u00e1ulica de procedencia alemana, marca LUKAS y con esto entregar un mejor servicio a la comunidad porte\u00f1a.<\/p>\n<p>Con el\u00a0correr de los a\u00f1os, aquel esp\u00edritu de servicio, motivado por las actuaciones en rescate y la experiencia de los voluntarios, fue creciendo a la par con la implementaci\u00f3n y capacitaci\u00f3n, logrando dotar a la Unidad de Rescate con personal altamente preparado en materias de Manejo B\u00e1sico del Trauma, Rescate Vehicular, Rescate en Alturas y Rescates no Tradicionales, llevando a la compa\u00f1\u00eda a entregar un servicio de rescate integral, lo que junto a equipos de alta tecnolog\u00eda en veh\u00edculos y herramientas especializadas, permiten hacer frente a todos los requerimientos propios de este tipo de emergencias de manera eficiente.<br \/>\nHoy, el 100% de los voluntarios activos de la Bomba Chile se encuentran debidamente capacitados nacional e internacionalmente en rescate y actualizados bajo las normativas vigentes de la Academia Nacional de Bomberos.\u00a0correr de los a\u00f1os, aquel esp\u00edritu de servicio, motivado por las actuaciones en rescate y la experiencia de los voluntarios, fue creciendo a la par con la implementaci\u00f3n y capacitaci\u00f3n, logrando dotar a la Unidad de Rescate con personal altamente preparado en materias de Manejo B\u00e1sico del Trauma, Rescate Vehicular, Rescate en Alturas y Rescates no Tradicionales, llevando a la compa\u00f1\u00eda a entregar un servicio de rescate integral, lo que junto a equipos de alta tecnolog\u00eda en veh\u00edculos y herramientas especializadas, permiten hacer frente a todos los requerimientos propios de este tipo de emergencias de manera eficiente.<\/p>\n<p>El cumplimiento de estos est\u00e1ndares avalan el desempe\u00f1o profesional de la Quinta Compa\u00f1\u00eda con su especialidad de rescate por m\u00e1s de 31a\u00f1os, siendo uno de los precursores nacionales y regionales de esta \u00e1rea.<\/p>\n<\/div>\n<\/div>\n","protected":false},"excerpt":{"rendered":"","protected":false},"author":1,"featured_media":0,"parent":0,"menu_order":0,"comment_status":"open","ping_status":"open","template":"","meta":[],"_links":{"self":[{"href":"http:\/\/www.funfte.cl\/sitio\/index.php?rest_route=\/wp\/v2\/pages\/1928"}],"collection":[{"href":"http:\/\/www.funfte.cl\/sitio\/index.php?rest_route=\/wp\/v2\/pages"}],"about":[{"href":"http:\/\/www.funfte.cl\/sitio\/index.php?rest_route=\/wp\/v2\/types\/page"}],"author":[{"embeddable":true,"href":"http:\/\/www.funfte.cl\/sitio\/index.php?rest_route=\/wp\/v2\/users\/1"}],"replies":[{"embeddable":true,"href":"http:\/\/www.funfte.cl\/sitio\/index.php?rest_route=%2Fwp%2Fv2%2Fcomments&post=1928"}],"version-history":[{"count":8,"href":"http:\/\/www.funfte.cl\/sitio\/index.php?rest_route=\/wp\/v2\/pages\/1928\/revisions"}],"predecessor-version":[{"id":2810,"href":"http:\/\/www.funfte.cl\/sitio\/index.php?rest_route=\/wp\/v2\/pages\/1928\/revisions\/2810"}],"wp:attachment":[{"href":"http:\/\/www.funfte.cl\/sitio\/index.php?rest_route=%2Fwp%2Fv2%2Fmedia&parent=1928"}],"curies":[{"name":"wp","href":"https:\/\/api.w.org\/{rel}","templated":true}]}}