{"id":1946,"date":"2013-06-13T16:38:45","date_gmt":"2013-06-13T20:38:45","guid":{"rendered":"http:\/\/www.funfte.cl\/sitio\/?page_id=1946"},"modified":"2013-06-13T16:40:01","modified_gmt":"2013-06-13T20:40:01","slug":"guardia-nocturna","status":"publish","type":"page","link":"http:\/\/www.funfte.cl\/sitio\/?page_id=1946","title":{"rendered":"Guardia Nocturna"},"content":{"rendered":"<div class=\"flex_column av_one_full first  avia-builder-el-0  avia-builder-el-no-sibling  \"><div class='avia_textblock'>\n<p>Con 38 a\u00f1os de experiencia cuenta la Nachtwache de la \u201cBomba Chile\u201d,\u00a0 comenzando su historia en el m\u00edtico Cuartel Central de Avenida Crist\u00f3bal Colon 797, traslad\u00e1ndose luego a nuestro actual cuartel de Villa Independencia. En la Guardia Nocturna, permanece operativa una guardia nocturna compuesta por 12 voluntarios, divididos en dos grupos, una para acudir a emergencias tradicionales como incendios estructurales, forestales, inundaciones, entre otras;\u00a0 y otro para responder en caso de cualquier emergencia de la categor\u00eda rescate.<\/p>\n<p>Los voluntarios ingresan a ella a las 23 horas para realizar vida de cuartel y luego descansar. De esta forma, la guardia se convierte en la segunda casa por un per\u00edodo de una semana, hasta que ingrese el pr\u00f3ximo grupo. Cuatro grupos de 12 voluntarios son comandadas por un Voluntario a cargo, los cuales est\u00e1n bajo la supervisi\u00f3n de cada uno de los cuatro tenientes. Teniente Primero para la guardia 1, Segundo para la guardia 2, Tercero para la guardia 3, \u00a0y el Teniente Cuarto para la guardia 4, en donde estas cuatro tienen que rotar cada Domingo por mes.<\/p>\n<p>El personal que realiza esta labor cuenta con excelentes instalaciones que permiten una c\u00f3moda y grata permanencia en el cuartel, para estar en las mejores condiciones para acudir a los siniestros.<\/p>\n<p>La sala de guardia nocturna cuenta con cuatro habitaciones completamente equipadas con ba\u00f1o independiente, sala de estar y cocina totalmente amoblada.<\/p>\n<p>De esta manera operativamente podemos velar por nuestra comunidad brindando un efectivo servicio nocturno, con un r\u00e1pido tiempo de respuesta para acudir a las emergencias.<\/p>\n<\/div>\n<\/div>\n<div  class='hr hr-default  avia-builder-el-2  avia-builder-el-no-sibling '><span class='hr-inner'><span class='hr-inner-style'><\/span><\/span><\/div>\n<img class='avia_image  avia-builder-el-3  avia-builder-el-no-sibling avia-align-center  avia_animated_image avia_animate_when_almost_visible top-to-bottom' src='http:\/\/www.funfte.cl\/sitio\/wp-content\/uploads\/2013\/06\/IMG_0451-710x575.jpg' alt=''  \/>\n","protected":false},"excerpt":{"rendered":"","protected":false},"author":1,"featured_media":0,"parent":0,"menu_order":0,"comment_status":"open","ping_status":"open","template":"","meta":[],"_links":{"self":[{"href":"http:\/\/www.funfte.cl\/sitio\/index.php?rest_route=\/wp\/v2\/pages\/1946"}],"collection":[{"href":"http:\/\/www.funfte.cl\/sitio\/index.php?rest_route=\/wp\/v2\/pages"}],"about":[{"href":"http:\/\/www.funfte.cl\/sitio\/index.php?rest_route=\/wp\/v2\/types\/page"}],"author":[{"embeddable":true,"href":"http:\/\/www.funfte.cl\/sitio\/index.php?rest_route=\/wp\/v2\/users\/1"}],"replies":[{"embeddable":true,"href":"http:\/\/www.funfte.cl\/sitio\/index.php?rest_route=%2Fwp%2Fv2%2Fcomments&post=1946"}],"version-history":[{"count":3,"href":"http:\/\/www.funfte.cl\/sitio\/index.php?rest_route=\/wp\/v2\/pages\/1946\/revisions"}],"predecessor-version":[{"id":1950,"href":"http:\/\/www.funfte.cl\/sitio\/index.php?rest_route=\/wp\/v2\/pages\/1946\/revisions\/1950"}],"wp:attachment":[{"href":"http:\/\/www.funfte.cl\/sitio\/index.php?rest_route=%2Fwp%2Fv2%2Fmedia&parent=1946"}],"curies":[{"name":"wp","href":"https:\/\/api.w.org\/{rel}","templated":true}]}}