{"id":1195,"date":"2013-04-05T16:38:18","date_gmt":"2013-04-05T16:38:18","guid":{"rendered":"http:\/\/www.kriesi.at\/themes\/enfold\/?page_id=1195"},"modified":"2013-06-06T18:44:07","modified_gmt":"2013-06-06T22:44:07","slug":"about-us","status":"publish","type":"page","link":"https:\/\/www.funfte.cl\/sitio\/?page_id=1195","title":{"rendered":"La Quinta"},"content":{"rendered":"<div class=\"flex_column av_one_half first  avia-builder-el-0  avia-builder-el-no-sibling  \"><div  data-size='portfolio'  data-animation='slide'  data-ids='&#8217;1666&#8242;,&#8217;1656&#8242;,&#8217;1657&#8242;,&#8217;1660&#8242;'  data-autoplay='true'  data-handle='av_slideshow'  data-interval='5'  data-class=' avia-builder-el-1  avia-builder-el-no-sibling  avia-small-width-slider'  class='avia-slideshow avia-slideshow-1 avia-slideshow-portfolio av_slideshow  avia-builder-el-1  avia-builder-el-no-sibling  avia-small-width-slider avia-slide-slider ' >\n<ul class='avia-slideshow-inner'><\/ul>\n<\/div>\n<\/div><div class=\"flex_column av_one_half   avia-builder-el-2  avia-builder-el-no-sibling  \"><div style='padding-bottom:10px' class='av-special-heading meta-heading   avia-builder-el-3  avia-builder-el-no-sibling '>\n<h3>La Quinta, nuestra Quinta.<\/h3>\n<div class='special-heading-border'>\n<div class='special-heading-inner-border'><\/div>\n<\/div>\n<\/div>\n<div class='avia_textblock'>\n<p>La Quinta Compa\u00f1ia de Bomberos \u00abBomba Chile\u00bb del Cuerpo de Bomberos de Talcahuano fu\u00e9 fundada el 29 de enero de 1908.\u00a0Somos una Compa\u00f1\u00eda de Bomberos, de excelencia y superioridad operacional y t\u00e9cnica en el desempe\u00f1o de las funciones de control de incendios, rescate y otras emergencias varias.<\/p>\n<h4><\/h4>\n<\/div>\n<div style='padding-bottom:10px' class='av-special-heading meta-heading   avia-builder-el-5  avia-builder-el-no-sibling '>\n<h3>La instituci\u00f3n<\/h3>\n<div class='special-heading-border'>\n<div class='special-heading-inner-border'><\/div>\n<\/div>\n<\/div>\n<div class='avia_textblock'>\n<p>La Quinta Compa\u00f1\u00eda de Bomberos \u201cBomba Chile\u201d de Talcahuano, es una instituci\u00f3n perteneciente a la Confederaci\u00f3n de Compa\u00f1\u00edas de bomberos Chileno-Alemanas y la Liga Chileno Alemana.<\/p>\n<p><strong>Lema de Compa\u00f1\u00eda:<\/strong> \u00abEn Honor a Dios, y en defensa del Projimo!\u00bb (Espa\u00f1ol)<br \/>\n\u00abGott zur Ehr, dem N\u00e4chsten zur Wehr!\u00bb (Deutsch).<\/p>\n<p><strong>Especialidad:<\/strong> Agua y Rescate Integral.<br \/>\n<strong>Subespecialidad:<\/strong> Rescate Veh\u00edcular, T\u00e9cnico y Urbano.<\/p>\n<h4><\/h4>\n<\/div>\n<\/div><\/p>\n","protected":false},"excerpt":{"rendered":"","protected":false},"author":1,"featured_media":0,"parent":1122,"menu_order":0,"comment_status":"open","ping_status":"open","template":"","meta":[],"_links":{"self":[{"href":"https:\/\/www.funfte.cl\/sitio\/index.php?rest_route=\/wp\/v2\/pages\/1195"}],"collection":[{"href":"https:\/\/www.funfte.cl\/sitio\/index.php?rest_route=\/wp\/v2\/pages"}],"about":[{"href":"https:\/\/www.funfte.cl\/sitio\/index.php?rest_route=\/wp\/v2\/types\/page"}],"author":[{"embeddable":true,"href":"https:\/\/www.funfte.cl\/sitio\/index.php?rest_route=\/wp\/v2\/users\/1"}],"replies":[{"embeddable":true,"href":"https:\/\/www.funfte.cl\/sitio\/index.php?rest_route=%2Fwp%2Fv2%2Fcomments&post=1195"}],"version-history":[{"count":12,"href":"https:\/\/www.funfte.cl\/sitio\/index.php?rest_route=\/wp\/v2\/pages\/1195\/revisions"}],"predecessor-version":[{"id":1648,"href":"https:\/\/www.funfte.cl\/sitio\/index.php?rest_route=\/wp\/v2\/pages\/1195\/revisions\/1648"}],"up":[{"embeddable":true,"href":"https:\/\/www.funfte.cl\/sitio\/index.php?rest_route=\/wp\/v2\/pages\/1122"}],"wp:attachment":[{"href":"https:\/\/www.funfte.cl\/sitio\/index.php?rest_route=%2Fwp%2Fv2%2Fmedia&parent=1195"}],"curies":[{"name":"wp","href":"https:\/\/api.w.org\/{rel}","templated":true}]}}